{"id":1656,"date":"2022-02-20T13:27:47","date_gmt":"2022-02-20T12:27:47","guid":{"rendered":"https:\/\/tumbao-danzas.de\/?page_id=1656"},"modified":"2023-09-27T15:05:10","modified_gmt":"2023-09-27T13:05:10","slug":"team-damla","status":"publish","type":"page","link":"https:\/\/tumbao-danzas.de\/en\/team-damla\/","title":{"rendered":"DAMLA"},"content":{"rendered":"<section class=\"l-section wpb_row height_auto\"><div class=\"l-section-h i-cf\"><div class=\"g-cols vc_row via_grid cols_1 laptops-cols_inherit tablets-cols_inherit mobiles-cols_1 valign_top type_default stacking_default\"><div class=\"wpb_column vc_column_container\"><div class=\"vc_column-inner\"><div class=\"w-separator size_small with_line width_50 thick_1 style_solid color_border align_center\"><div class=\"w-separator-h\"><\/div><\/div><div class=\"wpb_text_column\"><div class=\"wpb_wrapper\"><p style=\"text-align: center;\"><strong>TRAINER: DAMLA PEKER<br \/>\n<\/strong><\/p>\n<\/div><\/div><div class=\"w-separator size_small with_line width_50 thick_1 style_solid color_border align_center\"><div class=\"w-separator-h\"><\/div><\/div><div class=\"g-cols wpb_row via_grid cols_2-1 laptops-cols_inherit tablets-cols_inherit mobiles-cols_1 valign_top type_default stacking_default\" style=\"--columns-gap:3rem;\"><div class=\"wpb_column vc_column_container\"><div class=\"vc_column-inner\"><div class=\"w-image style_shadow-1 align_none\"><a ref=\"magnificPopup\" href=\"https:\/\/i0.wp.com\/tumbao-danzas.de\/wp-content\/uploads\/IMG_9700-scaled.jpg?fit=1707,2560&amp;ssl=1\" aria-label=\"IMG_9700\" class=\"w-image-h\"><img decoding=\"async\" width=\"1707\" height=\"2560\" src=\"https:\/\/i0.wp.com\/tumbao-danzas.de\/wp-content\/uploads\/IMG_9700-scaled.jpg?fit=1707%2C2560&amp;ssl=1\" class=\"attachment-full size-full\" alt=\"\" loading=\"lazy\" srcset=\"https:\/\/i0.wp.com\/tumbao-danzas.de\/wp-content\/uploads\/IMG_9700-scaled.jpg?w=1707&amp;ssl=1 1707w, https:\/\/i0.wp.com\/tumbao-danzas.de\/wp-content\/uploads\/IMG_9700-scaled.jpg?resize=200%2C300&amp;ssl=1 200w, https:\/\/i0.wp.com\/tumbao-danzas.de\/wp-content\/uploads\/IMG_9700-scaled.jpg?resize=683%2C1024&amp;ssl=1 683w, https:\/\/i0.wp.com\/tumbao-danzas.de\/wp-content\/uploads\/IMG_9700-scaled.jpg?resize=8%2C12&amp;ssl=1 8w\" sizes=\"auto, (max-width: 1140px) 100vw, 1140px\" data-attachment-id=\"1659\" data-permalink=\"https:\/\/tumbao-danzas.de\/en\/team-damla\/img_9700\/\" data-orig-file=\"https:\/\/i0.wp.com\/tumbao-danzas.de\/wp-content\/uploads\/IMG_9700-scaled.jpg?fit=1707%2C2560&amp;ssl=1\" data-orig-size=\"1707,2560\" data-comments-opened=\"0\" data-image-meta=\"{&quot;aperture&quot;:&quot;0&quot;,&quot;credit&quot;:&quot;&quot;,&quot;camera&quot;:&quot;&quot;,&quot;caption&quot;:&quot;&quot;,&quot;created_timestamp&quot;:&quot;1644679860&quot;,&quot;copyright&quot;:&quot;@FARANTINIPHOTOGRAPHY 2020&quot;,&quot;focal_length&quot;:&quot;0&quot;,&quot;iso&quot;:&quot;0&quot;,&quot;shutter_speed&quot;:&quot;0&quot;,&quot;title&quot;:&quot;&quot;,&quot;orientation&quot;:&quot;1&quot;}\" data-image-title=\"IMG_9700\" data-image-description=\"\" data-image-caption=\"\" data-large-file=\"https:\/\/i0.wp.com\/tumbao-danzas.de\/wp-content\/uploads\/IMG_9700-scaled.jpg?fit=683%2C1024&amp;ssl=1\" \/><\/a><\/div><\/div><\/div><div class=\"wpb_column vc_column_container\"><div class=\"vc_column-inner\"><div class=\"wpb_text_column\"><div class=\"wpb_wrapper\"><p>I have been involved with Kizomba and later Urban Kizomba since the end of 2016 and actually came to Kizomba by first going through Salsa and Tango. Here I found both the dance and the music suitable for me. I learned for myself that Urban Kizomba is more than just a dance.<\/p>\n<p>For me it means an expression of my feelings and listening to and interpreting the feelings of the other. The sensations, the interpretation of the music, the ability to give leadership, the responsibility to lead, to find the balance between tension and relaxation, to let go, to trust, to allow closeness and to exchange energies, to give something and to receive something, to get to know one's own body and to perceive it better, to move consciously and to develop constantly; and this interplay of all these elements make this dance something unique, which is why I could not let go of it.<\/p>\n<p>When I started to lead, people kept asking me why I didn't teach. I refused for a long time, but at some point I asked myself why I don't teach and pass on to others the knowledge that I have acquired over the years with a lot of ambition, because it is valuable. And it would be a shame to keep this knowledge only for myself. And I am happy if I can give you something and make good dancers out of you, of whom I will then also be proud. You only have to want and trust.<\/p>\n<\/div><\/div><\/div><\/div><\/div><\/div><\/div><\/div><\/div><\/section><section class=\"l-section wpb_row height_auto\"><div class=\"l-section-h i-cf\"><div class=\"g-cols vc_row via_grid cols_1 laptops-cols_inherit tablets-cols_inherit mobiles-cols_1 valign_top type_default stacking_default\"><div class=\"wpb_column vc_column_container\"><div class=\"vc_column-inner\"><div class=\"w-separator size_small with_line width_50 thick_1 style_solid color_border align_center\"><div class=\"w-separator-h\"><\/div><\/div><\/div><\/div><\/div><\/div><\/section><section class=\"l-section wpb_row height_medium\"><div class=\"l-section-h i-cf\"><div class=\"g-cols vc_row via_grid cols_3 laptops-cols_inherit tablets-cols_inherit mobiles-cols_1 valign_top type_default stacking_default\"><div class=\"wpb_column vc_column_container\"><div class=\"vc_column-inner\"><div class=\"w-image style_shadow-1 has_ratio align_none\"><a ref=\"magnificPopup\" href=\"https:\/\/i0.wp.com\/tumbao-danzas.de\/wp-content\/uploads\/IMG_9685-scaled.jpg?fit=1707,2560&amp;ssl=1\" aria-label=\"IMG_9685\" class=\"w-image-h\"><div style=\"padding-bottom:133.3333%\"><\/div><img decoding=\"async\" width=\"683\" height=\"1024\" src=\"https:\/\/i0.wp.com\/tumbao-danzas.de\/wp-content\/uploads\/IMG_9685-scaled.jpg?fit=683%2C1024&amp;ssl=1\" class=\"attachment-large size-large\" alt=\"\" loading=\"lazy\" data-attachment-id=\"1657\" data-permalink=\"https:\/\/tumbao-danzas.de\/en\/team-damla\/img_9685\/\" data-orig-file=\"https:\/\/i0.wp.com\/tumbao-danzas.de\/wp-content\/uploads\/IMG_9685-scaled.jpg?fit=1707%2C2560&amp;ssl=1\" data-orig-size=\"1707,2560\" data-comments-opened=\"0\" data-image-meta=\"{&quot;aperture&quot;:&quot;0&quot;,&quot;credit&quot;:&quot;&quot;,&quot;camera&quot;:&quot;&quot;,&quot;caption&quot;:&quot;&quot;,&quot;created_timestamp&quot;:&quot;1644679843&quot;,&quot;copyright&quot;:&quot;@FARANTINIPHOTOGRAPHY 2020&quot;,&quot;focal_length&quot;:&quot;0&quot;,&quot;iso&quot;:&quot;0&quot;,&quot;shutter_speed&quot;:&quot;0&quot;,&quot;title&quot;:&quot;&quot;,&quot;orientation&quot;:&quot;1&quot;}\" data-image-title=\"IMG_9685\" data-image-description=\"\" data-image-caption=\"\" data-large-file=\"https:\/\/i0.wp.com\/tumbao-danzas.de\/wp-content\/uploads\/IMG_9685-scaled.jpg?fit=683%2C1024&amp;ssl=1\" \/><\/a><\/div><\/div><\/div><div class=\"wpb_column vc_column_container\"><div class=\"vc_column-inner\"><div class=\"w-image style_shadow-1 has_ratio align_none\"><a ref=\"magnificPopup\" href=\"https:\/\/i0.wp.com\/tumbao-danzas.de\/wp-content\/uploads\/IMG_9701-scaled.jpg?fit=1707,2560&amp;ssl=1\" aria-label=\"IMG_9701\" class=\"w-image-h\"><div style=\"padding-bottom:133.3333%\"><\/div><img decoding=\"async\" width=\"683\" height=\"1024\" src=\"https:\/\/i0.wp.com\/tumbao-danzas.de\/wp-content\/uploads\/IMG_9701-scaled.jpg?fit=683%2C1024&amp;ssl=1\" class=\"attachment-large size-large\" alt=\"\" loading=\"lazy\" data-attachment-id=\"1660\" data-permalink=\"https:\/\/tumbao-danzas.de\/en\/team-damla\/img_9701\/\" data-orig-file=\"https:\/\/i0.wp.com\/tumbao-danzas.de\/wp-content\/uploads\/IMG_9701-scaled.jpg?fit=1707%2C2560&amp;ssl=1\" data-orig-size=\"1707,2560\" data-comments-opened=\"0\" data-image-meta=\"{&quot;aperture&quot;:&quot;0&quot;,&quot;credit&quot;:&quot;&quot;,&quot;camera&quot;:&quot;&quot;,&quot;caption&quot;:&quot;&quot;,&quot;created_timestamp&quot;:&quot;1644679870&quot;,&quot;copyright&quot;:&quot;@FARANTINIPHOTOGRAPHY 2020&quot;,&quot;focal_length&quot;:&quot;0&quot;,&quot;iso&quot;:&quot;0&quot;,&quot;shutter_speed&quot;:&quot;0&quot;,&quot;title&quot;:&quot;&quot;,&quot;orientation&quot;:&quot;1&quot;}\" data-image-title=\"IMG_9701\" data-image-description=\"\" data-image-caption=\"\" data-large-file=\"https:\/\/i0.wp.com\/tumbao-danzas.de\/wp-content\/uploads\/IMG_9701-scaled.jpg?fit=683%2C1024&amp;ssl=1\" \/><\/a><\/div><\/div><\/div><div class=\"wpb_column vc_column_container\"><div class=\"vc_column-inner\"><div class=\"w-image style_shadow-1 has_ratio align_none\"><a ref=\"magnificPopup\" href=\"https:\/\/i0.wp.com\/tumbao-danzas.de\/wp-content\/uploads\/IMG_9699-scaled.jpg?fit=1707,2560&amp;ssl=1\" aria-label=\"IMG_9699\" class=\"w-image-h\"><div style=\"padding-bottom:133.3333%\"><\/div><img decoding=\"async\" width=\"683\" height=\"1024\" src=\"https:\/\/i0.wp.com\/tumbao-danzas.de\/wp-content\/uploads\/IMG_9699-scaled.jpg?fit=683%2C1024&amp;ssl=1\" class=\"attachment-large size-large\" alt=\"\" loading=\"lazy\" data-attachment-id=\"1658\" data-permalink=\"https:\/\/tumbao-danzas.de\/en\/team-damla\/img_9699\/\" data-orig-file=\"https:\/\/i0.wp.com\/tumbao-danzas.de\/wp-content\/uploads\/IMG_9699-scaled.jpg?fit=1707%2C2560&amp;ssl=1\" data-orig-size=\"1707,2560\" data-comments-opened=\"0\" data-image-meta=\"{&quot;aperture&quot;:&quot;0&quot;,&quot;credit&quot;:&quot;&quot;,&quot;camera&quot;:&quot;&quot;,&quot;caption&quot;:&quot;&quot;,&quot;created_timestamp&quot;:&quot;1644679843&quot;,&quot;copyright&quot;:&quot;@FARANTINIPHOTOGRAPHY 2020&quot;,&quot;focal_length&quot;:&quot;0&quot;,&quot;iso&quot;:&quot;0&quot;,&quot;shutter_speed&quot;:&quot;0&quot;,&quot;title&quot;:&quot;&quot;,&quot;orientation&quot;:&quot;1&quot;}\" data-image-title=\"IMG_9699\" data-image-description=\"\" data-image-caption=\"\" data-large-file=\"https:\/\/i0.wp.com\/tumbao-danzas.de\/wp-content\/uploads\/IMG_9699-scaled.jpg?fit=683%2C1024&amp;ssl=1\" \/><\/a><\/div><\/div><\/div><\/div><\/div><\/section>","protected":false},"excerpt":{"rendered":"TRAINER: DAMLA PEKER Ich besch\u00e4ftige mich mit Kizomba und sp\u00e4ter auch Urban Kizomba seit ende 2016 und bin eigentlich auf Kizomba gekommen, indem ich zuerst \u00fcber Salsa und Tango gegangen...","protected":false},"author":2,"featured_media":0,"parent":0,"menu_order":0,"comment_status":"closed","ping_status":"closed","template":"","meta":{"footnotes":""},"class_list":["post-1656","page","type-page","status-publish","hentry"],"aioseo_notices":[],"jetpack_shortlink":"https:\/\/wp.me\/P5tv3v-qI","jetpack_sharing_enabled":true,"_links":{"self":[{"href":"https:\/\/tumbao-danzas.de\/en\/wp-json\/wp\/v2\/pages\/1656","targetHints":{"allow":["GET"]}}],"collection":[{"href":"https:\/\/tumbao-danzas.de\/en\/wp-json\/wp\/v2\/pages"}],"about":[{"href":"https:\/\/tumbao-danzas.de\/en\/wp-json\/wp\/v2\/types\/page"}],"author":[{"embeddable":true,"href":"https:\/\/tumbao-danzas.de\/en\/wp-json\/wp\/v2\/users\/2"}],"replies":[{"embeddable":true,"href":"https:\/\/tumbao-danzas.de\/en\/wp-json\/wp\/v2\/comments?post=1656"}],"version-history":[{"count":6,"href":"https:\/\/tumbao-danzas.de\/en\/wp-json\/wp\/v2\/pages\/1656\/revisions"}],"predecessor-version":[{"id":1841,"href":"https:\/\/tumbao-danzas.de\/en\/wp-json\/wp\/v2\/pages\/1656\/revisions\/1841"}],"wp:attachment":[{"href":"https:\/\/tumbao-danzas.de\/en\/wp-json\/wp\/v2\/media?parent=1656"}],"curies":[{"name":"wp","href":"https:\/\/api.w.org\/{rel}","templated":true}]}}